{"id":35859,"date":"2022-03-01T01:49:32","date_gmt":"2022-03-01T01:49:34","guid":{"rendered":"https:\/\/clandestineguitars.com\/?post_type=product&#038;p=35859"},"modified":"2025-03-02T03:03:57","modified_gmt":"2025-03-02T03:03:57","slug":"copper-metallic","status":"publish","type":"product","link":"https:\/\/clandestineguitars.com\/en\/producto\/copper-metallic\/","title":{"rendered":"COPPER METALLIC"},"content":{"rendered":"<p>Metallic copper color. Fender originally applied this color for the first time on the \u201952 Esquire telecaster.<\/p>\n<p>Later it has been used in exclusive models and in custom shops.<\/p>\n<p>Used in telecaster and strat.<\/p>\n<p>&nbsp;<\/p>\n<h2>Our vintage-inspired colours<\/h2>\n<p>Nitorlack colours are based on the original\u00a0<strong>Fender and Gibson<\/strong>\u00a0colours. The creation of these colours is preceded by a great work and exhaustive study by our laboratory and technical department. Thanks to this, we have managed to faithfully recreate the tones of Fender and Gibson guitars from the 50\u2019s and 60\u2019s.<\/p>\n<p>During those years up to the present day, it should be noted that the\u00a0<strong>colours of vintage guitars<\/strong>\u00a0have changed a lot over the years due to the ageing of the\u00a0<strong>nitrocellulose lacquer<\/strong>\u00a0and changes in the brand\u2019s own colours.<\/p>\n<p>Therefore, two guitars finished in 1960 with fender colours may be totally different from each other or from a more modern guitar.<\/p>\n","protected":false},"excerpt":{"rendered":"<p>COPPER METALLIC colour\u00a0 \u00a0 \u00a0 \u00a0 \u00a0 \u00a0 \u00a0 \u00a0 \u00a0 \u00a0 \u00a0 \u00a0 <img loading=\"lazy\" decoding=\"async\" class=\"alignnone size-full wp-image-8048\" src=\"http:\/\/clandestineguitars.com\/wp-content\/uploads\/2017\/01\/nitrolack-letras300-2-1.png\" alt=\"\" width=\"173\" height=\"32\" srcset=\"https:\/\/clandestineguitars.com\/wp-content\/uploads\/2017\/01\/nitrolack-letras300-2-1.png 173w, https:\/\/clandestineguitars.com\/wp-content\/uploads\/2017\/01\/nitrolack-letras300-2-1-50x9.png 50w, https:\/\/clandestineguitars.com\/wp-content\/uploads\/2017\/01\/nitrolack-letras300-2-1-150x28.png 150w\" sizes=\"auto, (max-width: 173px) 100vw, 173px\" \/><\/p>\n<p><strong>This product can only be transported by land, so it is only sent to the following destinations: Spain, Portugal, Andorra, France, Italy, Germany, Denmark, Netherlands, Luxembourg, Belgium, Poland, Austria, Hungary, Czech Republic , and Switzerland<\/strong><\/p>\n<p><strong>If your country is not included in the list, please do not buy this product<\/strong><\/p>\n<p><b>Este producto solo puede ser trasportado por v\u00eda terrestre\u00a0por lo que solo se env\u00eda a los siguientes destinos: Espa\u00f1a peninsular, Portugal, Andorra, Francia, Italia, Alemania, Dinamarca, Holanda, Luxemburgo, B\u00e9lgica, Polonia, Austria, Hungr\u00eda, Rep\u00fablica Checa, y Suiza<\/b><\/p>\n<p><strong>Si tu pa\u00eds no se encuentra en la lista, por favor, no realices la compra de este producto<\/strong><\/p>\n","protected":false},"featured_media":41721,"template":"","meta":{"_surecart_dashboard_logo_width":"180px","_surecart_dashboard_show_logo":true,"_surecart_dashboard_navigation_orders":true,"_surecart_dashboard_navigation_invoices":true,"_surecart_dashboard_navigation_subscriptions":true,"_surecart_dashboard_navigation_downloads":true,"_surecart_dashboard_navigation_billing":true,"_surecart_dashboard_navigation_account":true,"_uag_custom_page_level_css":"","site-sidebar-layout":"default","site-content-layout":"","ast-site-content-layout":"default","site-content-style":"default","site-sidebar-style":"default","ast-global-header-display":"","ast-banner-title-visibility":"","ast-main-header-display":"","ast-hfb-above-header-display":"","ast-hfb-below-header-display":"","ast-hfb-mobile-header-display":"","site-post-title":"","ast-breadcrumbs-content":"","ast-featured-img":"","footer-sml-layout":"","ast-disable-related-posts":"","theme-transparent-header-meta":"","adv-header-id-meta":"","stick-header-meta":"","header-above-stick-meta":"","header-main-stick-meta":"","header-below-stick-meta":"","astra-migrate-meta-layouts":"default","ast-page-background-enabled":"default","ast-page-background-meta":{"desktop":{"background-color":"var(--ast-global-color-5)","background-image":"","background-repeat":"repeat","background-position":"center center","background-size":"auto","background-attachment":"scroll","background-type":"","background-media":"","overlay-type":"","overlay-color":"","overlay-opacity":"","overlay-gradient":""},"tablet":{"background-color":"","background-image":"","background-repeat":"repeat","background-position":"center center","background-size":"auto","background-attachment":"scroll","background-type":"","background-media":"","overlay-type":"","overlay-color":"","overlay-opacity":"","overlay-gradient":""},"mobile":{"background-color":"","background-image":"","background-repeat":"repeat","background-position":"center center","background-size":"auto","background-attachment":"scroll","background-type":"","background-media":"","overlay-type":"","overlay-color":"","overlay-opacity":"","overlay-gradient":""}},"ast-content-background-meta":{"desktop":{"background-color":"var(--ast-global-color-4)","background-image":"","background-repeat":"repeat","background-position":"center center","background-size":"auto","background-attachment":"scroll","background-type":"","background-media":"","overlay-type":"","overlay-color":"","overlay-opacity":"","overlay-gradient":""},"tablet":{"background-color":"var(--ast-global-color-4)","background-image":"","background-repeat":"repeat","background-position":"center center","background-size":"auto","background-attachment":"scroll","background-type":"","background-media":"","overlay-type":"","overlay-color":"","overlay-opacity":"","overlay-gradient":""},"mobile":{"background-color":"var(--ast-global-color-4)","background-image":"","background-repeat":"repeat","background-position":"center center","background-size":"auto","background-attachment":"scroll","background-type":"","background-media":"","overlay-type":"","overlay-color":"","overlay-opacity":"","overlay-gradient":""}}},"product_brand":[],"product_cat":[554],"product_tag":[],"class_list":{"0":"post-35859","1":"product","2":"type-product","3":"status-publish","4":"has-post-thumbnail","6":"product_cat-colors","7":"desktop-align-center","8":"tablet-align-center","9":"mobile-align-center","11":"first","12":"instock","13":"taxable","14":"shipping-taxable","15":"purchasable","16":"product-type-variable"},"uagb_featured_image_src":{"full":["https:\/\/clandestineguitars.com\/wp-content\/uploads\/2022\/03\/COPPER-METALLIC-1.jpg",1800,1200,false],"thumbnail":["https:\/\/clandestineguitars.com\/wp-content\/uploads\/2022\/03\/COPPER-METALLIC-1-150x100.jpg",150,100,true],"medium":["https:\/\/clandestineguitars.com\/wp-content\/uploads\/2022\/03\/COPPER-METALLIC-1-800x533.jpg",800,533,true],"medium_large":["https:\/\/clandestineguitars.com\/wp-content\/uploads\/2022\/03\/COPPER-METALLIC-1-768x512.jpg",768,512,true],"large":["https:\/\/clandestineguitars.com\/wp-content\/uploads\/2022\/03\/COPPER-METALLIC-1-1600x1067.jpg",1600,1067,true],"1536x1536":["https:\/\/clandestineguitars.com\/wp-content\/uploads\/2022\/03\/COPPER-METALLIC-1-1536x1024.jpg",1536,1024,true],"2048x2048":["https:\/\/clandestineguitars.com\/wp-content\/uploads\/2022\/03\/COPPER-METALLIC-1.jpg",1800,1200,false],"woocommerce_thumbnail":["https:\/\/clandestineguitars.com\/wp-content\/uploads\/2022\/03\/COPPER-METALLIC-1-300x200.jpg",300,200,true],"woocommerce_single":["https:\/\/clandestineguitars.com\/wp-content\/uploads\/2022\/03\/COPPER-METALLIC-1-900x600.jpg",900,600,true],"woocommerce_gallery_thumbnail":["https:\/\/clandestineguitars.com\/wp-content\/uploads\/2022\/03\/COPPER-METALLIC-1-100x100.jpg",100,100,true]},"uagb_author_info":{"display_name":"Iv\u00e1n","author_link":"https:\/\/clandestineguitars.com\/en\/author\/"},"uagb_comment_info":0,"uagb_excerpt":"COPPER METALLIC colour\u00a0 \u00a0 \u00a0 \u00a0 \u00a0 \u00a0 \u00a0 \u00a0 \u00a0 \u00a0 \u00a0 \u00a0 This product can only be transported by land, so it is only sent to the following destinations: Spain, Portugal, Andorra, France, Italy, Germany, Denmark, Netherlands, Luxembourg, Belgium, Poland, Austria, Hungary, Czech Republic , and Switzerland If your country is not included&hellip;","_links":{"self":[{"href":"https:\/\/clandestineguitars.com\/en\/wp-json\/wp\/v2\/product\/35859","targetHints":{"allow":["GET"]}}],"collection":[{"href":"https:\/\/clandestineguitars.com\/en\/wp-json\/wp\/v2\/product"}],"about":[{"href":"https:\/\/clandestineguitars.com\/en\/wp-json\/wp\/v2\/types\/product"}],"wp:featuredmedia":[{"embeddable":true,"href":"https:\/\/clandestineguitars.com\/en\/wp-json\/wp\/v2\/media\/41721"}],"wp:attachment":[{"href":"https:\/\/clandestineguitars.com\/en\/wp-json\/wp\/v2\/media?parent=35859"}],"wp:term":[{"taxonomy":"product_brand","embeddable":true,"href":"https:\/\/clandestineguitars.com\/en\/wp-json\/wp\/v2\/product_brand?post=35859"},{"taxonomy":"product_cat","embeddable":true,"href":"https:\/\/clandestineguitars.com\/en\/wp-json\/wp\/v2\/product_cat?post=35859"},{"taxonomy":"product_tag","embeddable":true,"href":"https:\/\/clandestineguitars.com\/en\/wp-json\/wp\/v2\/product_tag?post=35859"}],"curies":[{"name":"wp","href":"https:\/\/api.w.org\/{rel}","templated":true}]}}