{"id":18291,"date":"2018-03-17T02:56:22","date_gmt":"2018-03-17T02:56:22","guid":{"rendered":"https:\/\/clandestineguitars.com\/privacy-policy\/"},"modified":"2025-11-27T14:53:04","modified_gmt":"2025-11-27T13:53:04","slug":"privacy-policy","status":"publish","type":"page","link":"https:\/\/clandestineguitars.com\/en\/privacy-policy\/","title":{"rendered":"Privacy Policy"},"content":{"rendered":"<h3>Privacy Policy<\/h3>\n<div>\n<p>\u201c<a href=\"https:\/\/clandestineguitars.com\/\" data-internallinksmanager029f6b8e52c=\"1\" title=\"clandestine guitars\">Clandestine Guitars<\/a>\u201d se encuentra profundamente comprometido con el cumplimiento de la normativa espa\u00f1ola y europea de protecci\u00f3n de datos de car\u00e1cter personal, y garantiza el cumplimiento \u00edntegro de las obligaciones dispuestas, as\u00ed como la implementaci\u00f3n de las medidas de seguridad dispuestas en el Reglamento General de Protecci\u00f3n de Datos (RGPD) (UE) 2016\/679 y en Ley Org\u00e1nica 3\/2018, de 5 de diciembre, sobre protecci\u00f3n de datos y derechos digitales (LOPD y GDD, en adelante LOPD).<\/p>\n<p>De conformidad con estas normativas, informamos que la utilizaci\u00f3n de nuestro blog puede requerir que se faciliten ciertos datos personales a trav\u00e9s de formularios de registro o contacto, o mediante el env\u00edo de emails, y que \u00e9stos ser\u00e1n objeto de tratamiento por \u201c<strong>Clandestine Guitars\u201d<\/strong>, Responsable del tratamiento, cuyos datos son:<\/p>\n<p><strong>\u00a0<\/strong><\/p>\n<table>\n<tbody>\n<tr>\n<td width=\"140\">Identidad<\/td>\n<td width=\"419\">Clandestine Guitar Corporation SLU<\/td>\n<\/tr>\n<tr>\n<td width=\"140\">CIF\/NIF<\/td>\n<td width=\"419\">B86710738<\/td>\n<\/tr>\n<tr>\n<td width=\"140\">Direcci\u00f3n postal<\/td>\n<td width=\"419\">Calle Almuradiel 212, CP 28053, Madrid, Espa\u00f1a<\/td>\n<\/tr>\n<tr>\n<td width=\"140\">Tel\u00e9fono<\/td>\n<td width=\"419\">680828850<\/td>\n<\/tr>\n<tr>\n<td width=\"140\">Correo electr\u00f3nico<\/td>\n<td width=\"419\">info@clandestineguitars.es<\/td>\n<\/tr>\n<tr>\n<td width=\"140\">Sitio web<\/td>\n<td width=\"419\"><a href=\"https:\/\/nitorlack.com\/\" target=\"_blank\" rel=\"noopener\">https:\/\/clandestineguitars<\/a><a href=\"https:\/\/nitorlack.com\/\" target=\"_blank\" rel=\"noopener\">.com\/<\/a><\/td>\n<\/tr>\n<tr>\n<td width=\"140\"><\/td>\n<td width=\"419\"><\/td>\n<\/tr>\n<\/tbody>\n<\/table>\n<p><strong>\u00a0<\/strong><\/p>\n<h5>Obtenci\u00f3n y Tratamiento de Datos Personales<\/h5>\n<p>Un dato personal es cualquier informaci\u00f3n relativa a una persona: nombre, email, domicilio, tel\u00e9fono, NIF\/NIE\u2026 Adicionalmente, cuando un Usuario visita nuestro sitio web, determinada informaci\u00f3n se almacena autom\u00e1ticamente por motivos t\u00e9cnicos, como la direcci\u00f3n IP asignada por su proveedor de acceso a Internet.<\/p>\n<p>\u201cClandestine Guitars\u201d, como Responsable del Tratamiento, tiene el deber de informar a los Usuarios de su sitio web acerca de la recogida de datos de car\u00e1cter personal que pueden llevarse a cabo, bien sea mediante el env\u00edo de correo electr\u00f3nico o al cumplimentar los formularios incluidos en el sitio web.<\/p>\n<p>Se obtendr\u00e1n \u00fanicamente los datos precisos para poder realizar el servicio contratado, o para poder responder adecuadamente a la petici\u00f3n de informaci\u00f3n realizada por el Usuario. Los datos recabados son identificativos y corresponden a un m\u00ednimo razonable para poder llevar a t\u00e9rmino la actividad realizada. En particular, no se recogen datos especialmente protegidos en ning\u00fan momento. En ning\u00fan caso se realizar\u00e1 un uso diferente de los datos que la finalidad para los que han sido recabados.<\/p>\n<p><u>Formularios de contacto\/email<\/u><\/p>\n<p><em>Finalidad<\/em>: Dar contestaci\u00f3n a su solicitud de informaci\u00f3n realizada a trav\u00e9s de nuestro\/s formulario\/s de contacto.<\/p>\n<p><em>Legitimaci\u00f3n<\/em>: La base jur\u00eddica que legitima este tratamiento es el consentimiento del Usuario, que podr\u00e1 revocar en cualquier momento.<\/p>\n<p><em>Cesi\u00f3n de datos<\/em>: Los datos personales ser\u00e1n tratados a trav\u00e9s de servidores gestionados por\u00a0<a href=\"https:\/\/www.neodigit.net\/\" target=\"_blank\" rel=\"noopener\">Neodigit<\/a>, que tendr\u00e1 la consideraci\u00f3n de Encargado del Tratamiento.<\/p>\n<p><u>Formularios de alta en lista de correo (newsletter)<\/u><\/p>\n<p><em>Finalidad<\/em>: Env\u00edo de comunicaciones, algunas de ellas comerciales, de inter\u00e9s para el Usuarios seg\u00fan la tem\u00e1tica del blog. Tal y como establece la LSSICE, \u201cClandestine Guitars\u201d se compromete a no remitir comunicaciones comerciales sin identificarlas como tales. A estos efectos, no ser\u00e1 considerada como comunicaci\u00f3n comercial la informaci\u00f3n enviada a los clientes para el mantenimiento de la relaci\u00f3n contractual existente, de haberla.<\/p>\n<p><em>Legitimaci\u00f3n<\/em>: La base jur\u00eddica que legitima este tratamiento es el consentimiento del Usuario, que podr\u00e1 revocar en cualquier momento.<\/p>\n<p><em>Cesi\u00f3n de datos<\/em>: Los datos personales ser\u00e1n tratados a trav\u00e9s de servidores gestionados por\u00a0<a href=\"https:\/\/mailrelay.com\/es\" target=\"_blank\" rel=\"noopener\">Mailrelay<\/a>, que tendr\u00e1 la consideraci\u00f3n de Encargado del Tratamiento.<\/p>\n<p><u>Formularios de registro\/alta de cliente<\/u><\/p>\n<p><em>Finalidades<\/em>:<\/p>\n<ul>\n<li>Gestionar su alta de Usuario en nuestra p\u00e1gina web.<\/li>\n<li>Gestionar las compras realizadas.<\/li>\n<li>Proporcionar informaci\u00f3n acerca de la tramitaci\u00f3n y el estado de las compras.<\/li>\n<li>Registro hist\u00f3rico de las compras realizadas en nuestra p\u00e1gina web.<\/li>\n<li>Env\u00edo de comunicaciones v\u00eda email y\/o tel\u00e9fono, con el fin de informar al Usuario de posibles incidencias, errores, problemas y\/o estado de los pedidos.<\/li>\n<\/ul>\n<p><em>Legitimaci\u00f3n<\/em>: La base jur\u00eddica que legitima este tratamiento es la ejecuci\u00f3n de un contrato.<\/p>\n<p><em>Cesi\u00f3n de datos<\/em>: \u201cClandestine Guitars\u201d no ceder\u00e1 ni comunicar\u00e1 a ning\u00fan tercero tus datos, excepto en los casos legalmente previstos o cuando la prestaci\u00f3n de un servicio implique la necesidad de una relaci\u00f3n contractual con un Encargado de Tratamiento. As\u00ed, el Usuario acepta que algunos de los datos personales recabados sean facilitados a estos Encargados del Tratamiento (plataformas de pago, gestor\u00eda, intermediarios, etc.), cuando sea necesario para la efectiva realizaci\u00f3n de un servicio contratado o producto adquirido. El Usuario acepta tambi\u00e9n que alguno de los servicios puedan ser, total o parcialmente, subcontratados a otras personas o empresas, que tendr\u00e1n la consideraci\u00f3n de Encargados del Tratamiento, con los que se ha convenido el correspondiente contrato de confidencialidad, o adherido a sus pol\u00edticas de privacidad, establecidas en sus respectivas p\u00e1ginas web. El Usuario podr\u00e1 negarse a la cesi\u00f3n de tus datos a los Encargados del Tratamiento, mediante petici\u00f3n escrita, por cualquiera de los medios anteriormente referenciados.<\/p>\n<p>Adem\u00e1s, en aquellos casos en que sea necesario, los datos de Clientes podr\u00e1n ser cedidos a determinados organismos, en cumplimiento de una obligaci\u00f3n legal: Agencia Tributaria Espa\u00f1ola, entidades bancarias, Inspecci\u00f3n de Trabajo, etc.<\/p>\n<h5>Menores de edad<\/h5>\n<p>Solo podr\u00e1n usar este sitio web las personas mayores de 14 a\u00f1os. Seg\u00fan obliga la LOPD y GDD, en caso de menores de 14 a\u00f1os, ser\u00e1 condici\u00f3n obligatoria el consentimiento de sus padres o tutores para que podamos tratar sus datos personales.<\/p>\n<h5>Registro de Usuarios<\/h5>\n<p>Cuando el Usuario realiza su registro a trav\u00e9s del formulario correspondiente, la informaci\u00f3n que recopilamos incluye:<\/p>\n<ul>\n<li>Nombre y apellidos<\/li>\n<li>Email y\/o tel\u00e9fono<\/li>\n<li>Direcciones de env\u00edo<\/li>\n<li>IP<\/li>\n<li>Nombre de Usuario\/contrase\u00f1a<\/li>\n<\/ul>\n<p>Adem\u00e1s, el Usuario deber\u00e1 aceptar los t\u00e9rminos y condiciones. Las contrase\u00f1as son a gusto del Usuario. No caducan. Para recuperar la contrase\u00f1a el Usuario debe ir al formulario espec\u00edfico e introducir su email.<\/p>\n<p>El Usuario, una vez registrado, tiene acceso a un panel privado, en el que podr\u00e1 ver determinados contenidos, registro de compras realizadas, etc. Tambi\u00e9n puede gestionar opciones de su cuenta, como la contrase\u00f1a o datos de Usuario.<\/p>\n<p>El Usuario podr\u00e1 recibir las siguientes notificaciones:<\/p>\n<ul>\n<li>Al darse de alta en la plataforma (email de validaci\u00f3n de cuenta).<\/li>\n<li>Al realizar compras, tales como el justificante de las mismas, incidencias, env\u00edos realizados, etc.<\/li>\n<li>El Usuario recibe la newsletter de la <a href=\"https:\/\/clandestineguitars.com\/tienda\/\" data-internallinksmanager029f6b8e52c=\"2\" title=\"Tienda\">tienda<\/a> si se ha dado de alta en el mismo, de la que puede darse de baja en su panel de Usuario y en los enlaces correspondientes incluidos al pie de la newsletter.<\/li>\n<li>Por recuperaci\u00f3n de contrase\u00f1a (especificada en el campo anterior).<\/li>\n<\/ul>\n<p>En \u201cClandestine Guitars\u201d bloquearemos una cuenta de Usuario si comete acciones sospechosas o fraudulentas. Las cuentas de Usuario no se eliminan por falta de uso. Para eliminar una cuenta, el Usuario debe solicitarlo a trav\u00e9s de su panel de Usuario, o contactando con nosotros.<\/p>\n<h5>Medidas de Seguridad<\/h5>\n<p>Se informa a los Usuarios de esta web que \u201cClandestine Guitars\u201d ha adoptado las medidas de seguridad t\u00e9cnicas, organizativas y de seguridad a nuestro alcance para evitar la p\u00e9rdida, mal uso, alteraci\u00f3n, acceso no autorizado y robo de los datos, y que garantizan as\u00ed la confidencialidad, integridad y calidad de la informaci\u00f3n contenida en las mismas, de acuerdo con lo establecido en la normativa vigente en protecci\u00f3n de datos. Los datos personales que se recogen en los formularios son objeto de tratamiento, \u00fanicamente, por parte del personal de \u201cClandestine Guitars\u201d o de los Encargados del Tratamiento designados.<\/p>\n<p>El Sitio Web de \u201cClandestine Guitars\u201d cuenta adem\u00e1s con un cifrado SSL, que permite al Usuario el env\u00edo seguro de sus datos personales a trav\u00e9s de los formularios de contacto o registro del sitio web.<\/p>\n<h5>Veracidad de los datos<\/h5>\n<p>El Usuario manifiesta que todos los datos facilitados por \u00e9l son ciertos y correctos y se compromete a mantenerlos actualizados. El Usuario responder\u00e1 de la veracidad de sus datos y ser\u00e1 el \u00fanico responsable de cuantos conflictos o litigios pudieran resultar por la falsedad de los mismos. Es importante que, para que podamos mantener los datos personales actualizados, el Usuario informe a \u201cClandestine Guitars\u201d siempre que haya habido alguna modificaci\u00f3n en los mismos.<\/p>\n<h5><strong><br \/>\n<\/strong>Ejercicio de Derechos del Usuario<\/h5>\n<p>La LOPD y GDD y el RGPD conceden a los interesados la posibilidad de ejercer una serie de derechos relacionados con el tratamiento de sus datos personales. Para ello, el Usuario deber\u00e1 dirigirse, aportando documentaci\u00f3n que acredite su identidad (DNI o pasaporte), mediante correo electr\u00f3nico a baja@no-rules.es, o bien mediante comunicaci\u00f3n escrita a la direcci\u00f3n que aparece en nuestro Aviso Legal. Dicha comunicaci\u00f3n deber\u00e1 reflejar la siguiente informaci\u00f3n: nombre y apellidos del Usuario, la petici\u00f3n de solicitud, el domicilio y los datos acreditativos.<\/p>\n<p>El ejercicio de derechos deber\u00e1 ser realizado por el propio Usuario. No obstante, podr\u00e1n ser ejecutados por una persona autorizada como representante legal del Usuario, aport\u00e1ndose la documentaci\u00f3n que acredite dicha representaci\u00f3n.<\/p>\n<p>El Usuario podr\u00e1 solicitar el ejercicio de los derechos siguientes:<\/p>\n<ul>\n<li>Derecho a solicitar el\u00a0<strong>acceso<\/strong>\u00a0a los datos personales, que es el derecho a obtener informaci\u00f3n sobre si sus propios datos de car\u00e1cter personal est\u00e1n siendo objeto de tratamiento, la finalidad del tratamiento que, en su caso, se est\u00e9 realizando, as\u00ed como la informaci\u00f3n disponible sobre el origen de dichos datos y las comunicaciones realizadas o previstas de los mismos.<\/li>\n<li>Derecho a solicitar su\u00a0<strong>rectificaci\u00f3n<\/strong>, en caso de que los datos personales sean incorrectos o inexactos, o\u00a0<strong>supresi\u00f3n\u00a0<\/strong>de los datos que resulten ser inadecuados o excesivos.<\/li>\n<li>Derecho a solicitar la\u00a0<strong>limitaci\u00f3n<\/strong>\u00a0de su tratamiento, en cuyo caso \u00fanicamente ser\u00e1n conservados por \u201cClandestine Guitars\u201d los datos estrictamente necesarios para el ejercicio o la defensa de reclamaciones.<\/li>\n<li>Derecho a\u00a0<strong>oponerse<\/strong>\u00a0al tratamiento: se refiere al derecho del interesado a que no se lleve a cabo el tratamiento de sus datos personales o se cese en el mismo en los supuestos en que no sea necesario su consentimiento para el tratamiento, que se trate de ficheros de prospecci\u00f3n comerciales o que tengan la finalidad de adoptar decisiones referidas al interesado y basadas \u00fanicamente en el tratamiento automatizado de sus datos, salvo que por motivos leg\u00edtimos o el ejercicio o la defensa de posibles reclamaciones se tengan que seguir tratando.<\/li>\n<li>Derecho a la\u00a0<strong>portabilidad<\/strong>\u00a0de los datos: en caso de que quiera que sus datos sean tratados por otra empresa, \u201cClandestine Guitars\u201d le facilitar\u00e1 la portabilidad de sus datos en formato exportable.<\/li>\n<\/ul>\n<p>En el caso de que se haya otorgado el consentimiento para alguna finalidad espec\u00edfica,\u00a0<strong>el Usuario tiene derecho a retirar el consentimiento en cualquier momento<\/strong>, sin que ello afecte a la licitud del tratamiento basado en el consentimiento previo a su retirada.<\/p>\n<p>No comprometemos a ejecutar todos estos derechos dentro del plazo legal m\u00e1ximo establecido de\u00a0<u>10 d\u00edas h\u00e1biles<\/u>.<\/p>\n<p>Si un Usuario considera que hay un problema con la forma en que \u201cClandestine Guitars\u201d est\u00e1 manejando sus datos, puede dirigir sus reclamaciones al Responsable de Seguridad o a la autoridad de protecci\u00f3n de datos que corresponda, siendo la Agencia Espa\u00f1ola de Protecci\u00f3n de Datos la indicada en el caso de Espa\u00f1a.<\/p>\n<h5>Conservaci\u00f3n de los datos<\/h5>\n<p>Los datos de car\u00e1cter personal de los Usuarios que usen el formulario de contacto o que nos env\u00eden un email solicitando informaci\u00f3n ser\u00e1n tratados durante el tiempo estrictamente necesario para atender a la solicitud de informaci\u00f3n, o hasta que se revoque el consentimiento otorgado.<\/p>\n<p>Los datos de car\u00e1cter personal del Cliente ser\u00e1n tratados hasta que finalice la relaci\u00f3n contractual. El per\u00edodo de conservaci\u00f3n de los datos personales ser\u00e1 el m\u00ednimo necesario, pudiendo mantenerse hasta:<\/p>\n<ul>\n<li>4 a\u00f1os: Ley sobre Infracciones y Sanciones en el Orden Social (obligaciones en materia de afiliaci\u00f3n, altas, bajas, cotizaci\u00f3n, pago de salarios\u2026); Arts. 66 y sig. Ley General Tributaria (libros de contabilidad\u2026)<\/li>\n<li>5 a\u00f1os: Art. 1964 C\u00f3digo Civil (acciones personales sin plazo especial)<\/li>\n<li>6 a\u00f1os: Art. 30 C\u00f3digo de Comercio (libros de contabilidad, facturas\u2026)<\/li>\n<li>10 a\u00f1os: Art. 25 Ley de Prevenci\u00f3n del Blanqueo de Capitales y Financiaci\u00f3n del Terrorismo.<\/li>\n<li>Sin plazo: datos desagregados y anonimizados.<\/li>\n<\/ul>\n<p>Por su parte, los datos de Usuarios que se den de alta en el bolet\u00edn o newsletter ser\u00e1n conservados indefinidamente, hasta que se revoque el consentimiento otorgado.<\/p>\n<p>En el caso de tratamiento de datos de candidatos (C.V.), \u201cClandestine Guitars\u201d podr\u00e1 mantener almacenado su curr\u00edculo un m\u00e1ximo de dos a\u00f1os para incorporarlo a futuras convocatorias, a menos que el candidato se manifieste en contrario.<\/p>\n<h5>\u00a0Redes Sociales<\/h5>\n<p>\u201cClandestine Guitars\u201d cuenta con perfil en algunas de las principales redes sociales de Internet (Facebook, Twitter, Facebook, Youtube), reconoci\u00e9ndose en todos los casos Responsable del tratamiento de los datos de sus seguidores, fans, suscriptores, comentaristas y otros perfiles de Usuarios (en adelante, seguidores) publicados por \u201cClandestine Guitars\u201d.<\/p>\n<p>La finalidad del tratamiento de datos por parte de \u201cClandestine Guitars\u201d, cuando la ley no lo proh\u00edba, ser\u00e1 la de informar a sus seguidores sobre sus actividades y <a href=\"https:\/\/clandestineguitars.com\/categoria-producto\/liquidaciones\/\" data-internallinksmanager029f6b8e52c=\"7\" title=\"Liquidaciones\">ofertas<\/a>, por cualquier v\u00eda que la red social permita, as\u00ed como prestar servicio personalizado de atenci\u00f3n al Usuario. La base jur\u00eddica que legitima este tratamiento ser\u00e1 el consentimiento del interesado, que podr\u00e1 revocar en cualquier momento.<\/p>\n<p>En ning\u00fan caso \u201cClandestine Guitars\u201d extraer\u00e1 datos de las redes sociales, a menos que se obtuviera puntual y expresamente el consentimiento del Usuario para ello (por ejemplo, para la realizaci\u00f3n de un concurso).<\/p>\n<h5>Selecci\u00f3n de Personal<\/h5>\n<p>El aspirante que env\u00ede comunicaciones electr\u00f3nicas a \u201cClandestine Guitars\u201d, con la finalidad de acceder a los procesos de selecci\u00f3n de personal del responsable, nos autoriza a analizar los documentos que remitidos (por ejemplo, el C.V.), todo el contenido que sea directamente accesible a trav\u00e9s de buscadores de Internet (por ejemplo, Google), los perfiles que mantenga en redes sociales profesionales (por ejemplo, LinkedIn), los datos obtenidos en las pruebas de acceso y la informaci\u00f3n que revele en la entrevista de trabajo, con el objetivo de valorar su candidatura y poder, en su caso, ofrecerle un puesto de trabajo. En caso de que el candidato no sea seleccionado, \u201cClandestine Guitars\u201d podr\u00e1 mantener almacenado su C.V. durante un m\u00e1ximo de dos a\u00f1os, para incorporarlo a futuras convocatorias, a menos que el candidato manifieste lo contrario. La base jur\u00eddica que legitima este tratamiento ser\u00e1 el consentimiento del interesado, que podr\u00e1 revocar en cualquier momento.<\/p>\n<h5>Confidencialidad<\/h5>\n<p>La informaci\u00f3n suministrada por el Usuario tendr\u00e1, en todo caso, la consideraci\u00f3n de confidencial, sin que pueda ser utilizada para otros fines distintos a los aqu\u00ed descritos. \u201cClandestine Guitars\u201d se obliga a no divulgar ni revelar informaci\u00f3n sobre las pretensiones del Usuario, los motivos del asesoramiento solicitado o la duraci\u00f3n de su relaci\u00f3n con \u00e9ste.<\/p>\n<h5><strong><br \/>\n<\/strong>Validez<\/h5>\n<p>Esta pol\u00edtica de privacidad y de protecci\u00f3n de datos ha sido redactada por a d\u00eda 30 de marzo de 2022, y podr\u00e1 variar en funci\u00f3n de los cambios de normativa y jurisprudencia que se vayan produciendo, siendo responsabilidad del titular de los datos la lectura del documento actualizado, en orden a conocer sus derechos y obligaciones al respecto en cada momento.<\/p>\n<\/div>\n","protected":false},"excerpt":{"rendered":"<p>Privacy Policy \u201cClandestine Guitars\u201d se encuentra profundamente comprometido con el cumplimiento de la normativa espa\u00f1ola y europea de protecci\u00f3n de [&hellip;]<\/p>\n","protected":false},"author":2,"featured_media":0,"parent":0,"menu_order":0,"comment_status":"closed","ping_status":"closed","template":"","meta":{"_surecart_dashboard_logo_width":"180px","_surecart_dashboard_show_logo":true,"_surecart_dashboard_navigation_orders":true,"_surecart_dashboard_navigation_invoices":true,"_surecart_dashboard_navigation_subscriptions":true,"_surecart_dashboard_navigation_downloads":true,"_surecart_dashboard_navigation_billing":true,"_surecart_dashboard_navigation_account":true,"_uag_custom_page_level_css":"","site-sidebar-layout":"default","site-content-layout":"","ast-site-content-layout":"default","site-content-style":"default","site-sidebar-style":"default","ast-global-header-display":"","ast-banner-title-visibility":"","ast-main-header-display":"","ast-hfb-above-header-display":"","ast-hfb-below-header-display":"","ast-hfb-mobile-header-display":"","site-post-title":"disabled","ast-breadcrumbs-content":"","ast-featured-img":"","footer-sml-layout":"","ast-disable-related-posts":"","theme-transparent-header-meta":"","adv-header-id-meta":"","stick-header-meta":"","header-above-stick-meta":"","header-main-stick-meta":"","header-below-stick-meta":"","astra-migrate-meta-layouts":"default","ast-page-background-enabled":"default","ast-page-background-meta":{"desktop":{"background-color":"var(--ast-global-color-5)","background-image":"","background-repeat":"repeat","background-position":"center center","background-size":"auto","background-attachment":"scroll","background-type":"","background-media":"","overlay-type":"","overlay-color":"","overlay-opacity":"","overlay-gradient":""},"tablet":{"background-color":"","background-image":"","background-repeat":"repeat","background-position":"center center","background-size":"auto","background-attachment":"scroll","background-type":"","background-media":"","overlay-type":"","overlay-color":"","overlay-opacity":"","overlay-gradient":""},"mobile":{"background-color":"","background-image":"","background-repeat":"repeat","background-position":"center center","background-size":"auto","background-attachment":"scroll","background-type":"","background-media":"","overlay-type":"","overlay-color":"","overlay-opacity":"","overlay-gradient":""}},"ast-content-background-meta":{"desktop":{"background-color":"var(--ast-global-color-4)","background-image":"","background-repeat":"repeat","background-position":"center center","background-size":"auto","background-attachment":"scroll","background-type":"","background-media":"","overlay-type":"","overlay-color":"","overlay-opacity":"","overlay-gradient":""},"tablet":{"background-color":"var(--ast-global-color-4)","background-image":"","background-repeat":"repeat","background-position":"center center","background-size":"auto","background-attachment":"scroll","background-type":"","background-media":"","overlay-type":"","overlay-color":"","overlay-opacity":"","overlay-gradient":""},"mobile":{"background-color":"var(--ast-global-color-4)","background-image":"","background-repeat":"repeat","background-position":"center center","background-size":"auto","background-attachment":"scroll","background-type":"","background-media":"","overlay-type":"","overlay-color":"","overlay-opacity":"","overlay-gradient":""}},"footnotes":""},"class_list":["post-18291","page","type-page","status-publish","hentry"],"uagb_featured_image_src":{"full":false,"thumbnail":false,"medium":false,"medium_large":false,"large":false,"1536x1536":false,"2048x2048":false,"woocommerce_thumbnail":false,"woocommerce_single":false,"woocommerce_gallery_thumbnail":false},"uagb_author_info":{"display_name":"Iv\u00e1n","author_link":"https:\/\/clandestineguitars.com\/en\/author\/ivan\/"},"uagb_comment_info":0,"uagb_excerpt":"Privacy Policy \u201cClandestine Guitars\u201d se encuentra profundamente comprometido con el cumplimiento de la normativa espa\u00f1ola y europea de protecci\u00f3n de [&hellip;]","_links":{"self":[{"href":"https:\/\/clandestineguitars.com\/en\/wp-json\/wp\/v2\/pages\/18291","targetHints":{"allow":["GET"]}}],"collection":[{"href":"https:\/\/clandestineguitars.com\/en\/wp-json\/wp\/v2\/pages"}],"about":[{"href":"https:\/\/clandestineguitars.com\/en\/wp-json\/wp\/v2\/types\/page"}],"author":[{"embeddable":true,"href":"https:\/\/clandestineguitars.com\/en\/wp-json\/wp\/v2\/users\/2"}],"replies":[{"embeddable":true,"href":"https:\/\/clandestineguitars.com\/en\/wp-json\/wp\/v2\/comments?post=18291"}],"version-history":[{"count":1,"href":"https:\/\/clandestineguitars.com\/en\/wp-json\/wp\/v2\/pages\/18291\/revisions"}],"predecessor-version":[{"id":46038,"href":"https:\/\/clandestineguitars.com\/en\/wp-json\/wp\/v2\/pages\/18291\/revisions\/46038"}],"wp:attachment":[{"href":"https:\/\/clandestineguitars.com\/en\/wp-json\/wp\/v2\/media?parent=18291"}],"curies":[{"name":"wp","href":"https:\/\/api.w.org\/{rel}","templated":true}]}}