{"id":18290,"date":"2018-03-17T02:55:34","date_gmt":"2018-03-17T02:55:34","guid":{"rendered":"https:\/\/clandestineguitars.com\/payment-and-shipping\/"},"modified":"2022-08-12T12:01:27","modified_gmt":"2022-08-12T12:01:27","slug":"payment-and-shipping","status":"publish","type":"page","link":"https:\/\/clandestineguitars.com\/en\/payment-and-shipping\/","title":{"rendered":"Payment and shipping"},"content":{"rendered":"<h3>Formas de pago<\/h3>\n<p><a href=\"https:\/\/clandestineguitars.com\/\" data-internallinksmanager029f6b8e52c=\"1\" title=\"clandestine guitars\">Clandestine Guitars<\/a> ofrece a sus clientes la posibilidad de elegir entre varias formas de pago diferentes:<\/p>\n<h4>Transferencia Bancaria \/ Ingreso en cuenta<\/h4>\n<p>Puede realizar un ingreso o transferencia bancaria desde su propio banco a la cuenta que nuestra empresa tiene abierta en CaixaBank. Una vez seleccionada esta forma de pago y recibido el pedido en nuestra base de datos se proceder\u00e1 al env\u00edo de un correo electr\u00f3nico de confirmaci\u00f3n al cliente en el que quedar\u00e1n detallados nuestros datos bancarios. Una vez efectuado y confirmado el pago se proceder\u00e1 al env\u00edo del pedido.<\/p>\n<h4>Tarjeta de cr\u00e9dito<\/h4>\n<p>Si elige esta forma de pago entrar\u00e1 en la p\u00e1gina web segura de nuestra entidad financiera, donde se le solicitar\u00e1 el n\u00famero de su tarjeta y la fecha de caducidad.<\/p>\n<p>Para su tranquilidad, CaixaBank le garantiza una absoluta seguridad, ya que tanto sus datos personales como los de su tarjeta viajan encriptados gracias al servidor seguro SSL proporcionado por esta entidad financiera.<\/p>\n<p>Los datos sobre su tarjeta de cr\u00e9dito no quedan registrados en ninguna base de datos sino que van directamente al TPV (Terminal Punto de Venta) del Banco.<\/p>\n<p>As\u00ed mismo, en ning\u00fan momento Clandestine Guitars recibe los datos de su tarjeta, s\u00f3lo la confirmaci\u00f3n de su pago.<\/p>\n<h4>Pago mediente sistema Bizum<\/h4>\n<p>El sistema de pago m\u00e1s c\u00f3modo y usado actualmente. Solo necesitar\u00e1s tener una cuenta bizum vinculada a tu n\u00famero de tel\u00e9fono. Si seleccionas esta forma de pago, una vez realizado el pedido recibir\u00e1s los detalles y el n\u00famero de tel\u00e9fono de nuestra cuenta Bizum para realizar el pago.<\/p>\n<h3>Condiciones de env\u00edo<\/h3>\n<p>Clandestine Guitars se reserva el derecho de enviar los pedidos por el medio de trasporte m\u00e1s adecuado en cada momento seg\u00fan su criterio.<\/p>\n<h4>Portes<\/h4>\n<p>Los gastos de env\u00edo no est\u00e1n incluidos y ser\u00e1n por cuenta del cliente. Estos gastos variar\u00e1n en funci\u00f3n del pa\u00eds o zona de destino as\u00ed como del peso y dimensiones del paquete enviado. La tarifa exacta quedar\u00e1 detallada en la pantalla de selecci\u00f3n de forma de env\u00edo, en el paso anterior pago de la compra, permitiendo al cliente conocer con exactitud los costes de la misma y seleccionar la opci\u00f3n que m\u00e1s le convenga, as\u00ed como retractarse de la compra si no estuviera conforme.<\/p>\n<p>Todos los pedidos son enviados por paqueter\u00eda certificada. El n\u00famero de seguimiento ser\u00e1 incluido en los datos del pedido una vez enviado<\/p>\n<h4>Entrega para Espa\u00f1a Peninsular<\/h4>\n<p>El coste de env\u00edo para este territorio depende del peso y dimensiones del paquete enviado, variando desde un coste m\u00ednimo de 5,25\u20ac para pedidos ligeros hasta un m\u00e1ximo de 9,95\u20ac.\u00a0 Los pedidos de peso inferior a 1Kg se enviar\u00e1n por paqueter\u00eda de Correos 48\/72 y los de peso superior a 1Kg ser\u00e1n enviados por Correos Express<\/p>\n<h4>Entrega para Islas Canar\u00edas Ceuta y Melilla<\/h4>\n<p>El coste de env\u00edo para este territorio depende del peso y dimensiones del paquete enviado, variando desde un coste m\u00ednimo de 6,95\u20ac para pedidos ligeros hasta un m\u00e1ximo de 34,90\u20ac<\/p>\n<h4>Entrega para Islas Baleares<\/h4>\n<p>El coste de env\u00edo para este territorio depende del peso y dimensiones del paquete enviado, variando desde un coste m\u00ednimo de 6,95\u20ac para pedidos ligeros hasta un m\u00e1ximo de 22,50\u20ac<\/p>\n<h4>Entrega est\u00e1ndar para el resto de paises<\/h4>\n<p>El coste de env\u00edo para el resto de pa\u00edses depende del peso y dimensiones del paquete enviado. Los pedidos ser\u00e1n enviados por el medio de trasporte m\u00e1s adecuado dependiendo del pa\u00eds de destino<\/p>\n<p>*No se realizar\u00e1n env\u00edos a ning\u00fan pa\u00eds que no figure en el listado de pa\u00edses permitidos.<\/p>\n<h4>Plazos de entrega<\/h4>\n<p>Salvo fin de existencias, los pedidos ser\u00e1n preparados inmediatamente en nuestros almacenes y Usted dispondr\u00e1 del producto en los siguientes plazos:<\/p>\n<p>Espa\u00f1a y Andorra: de 2 a 7 d\u00edas h\u00e1biles<\/p>\n<p>Europa: de 4 a 12 d\u00edas h\u00e1biles<\/p>\n<p>Resto del mundo: El plazo de env\u00edo al resto de pa\u00edses puede variar entre 8 y 30 d\u00edas h\u00e1biles dependiendo del pa\u00eds y localizaci\u00f3n de destino<\/p>\n<p>Los plazos de entrega indicados son a t\u00edtulo orientativo y Clandestine Guitars se esforzar\u00e1 en respetarlos; no obstante, al tratarse de un servicio ofrecido por terceros, su demora no implica la anulaci\u00f3n del pedido ni indemnizaci\u00f3n alguna.<\/p>\n","protected":false},"excerpt":{"rendered":"<p>Formas de pago Clandestine Guitars ofrece a sus clientes la posibilidad de elegir entre varias formas de pago diferentes: Transferencia [&hellip;]<\/p>\n","protected":false},"author":2,"featured_media":0,"parent":0,"menu_order":0,"comment_status":"closed","ping_status":"closed","template":"","meta":{"_surecart_dashboard_logo_width":"180px","_surecart_dashboard_show_logo":true,"_surecart_dashboard_navigation_orders":true,"_surecart_dashboard_navigation_invoices":true,"_surecart_dashboard_navigation_subscriptions":true,"_surecart_dashboard_navigation_downloads":true,"_surecart_dashboard_navigation_billing":true,"_surecart_dashboard_navigation_account":true,"_uag_custom_page_level_css":"","site-sidebar-layout":"default","site-content-layout":"","ast-site-content-layout":"default","site-content-style":"default","site-sidebar-style":"default","ast-global-header-display":"","ast-banner-title-visibility":"","ast-main-header-display":"","ast-hfb-above-header-display":"","ast-hfb-below-header-display":"","ast-hfb-mobile-header-display":"","site-post-title":"","ast-breadcrumbs-content":"","ast-featured-img":"","footer-sml-layout":"","ast-disable-related-posts":"","theme-transparent-header-meta":"","adv-header-id-meta":"","stick-header-meta":"","header-above-stick-meta":"","header-main-stick-meta":"","header-below-stick-meta":"","astra-migrate-meta-layouts":"default","ast-page-background-enabled":"default","ast-page-background-meta":{"desktop":{"background-color":"var(--ast-global-color-5)","background-image":"","background-repeat":"repeat","background-position":"center center","background-size":"auto","background-attachment":"scroll","background-type":"","background-media":"","overlay-type":"","overlay-color":"","overlay-opacity":"","overlay-gradient":""},"tablet":{"background-color":"","background-image":"","background-repeat":"repeat","background-position":"center center","background-size":"auto","background-attachment":"scroll","background-type":"","background-media":"","overlay-type":"","overlay-color":"","overlay-opacity":"","overlay-gradient":""},"mobile":{"background-color":"","background-image":"","background-repeat":"repeat","background-position":"center center","background-size":"auto","background-attachment":"scroll","background-type":"","background-media":"","overlay-type":"","overlay-color":"","overlay-opacity":"","overlay-gradient":""}},"ast-content-background-meta":{"desktop":{"background-color":"var(--ast-global-color-4)","background-image":"","background-repeat":"repeat","background-position":"center center","background-size":"auto","background-attachment":"scroll","background-type":"","background-media":"","overlay-type":"","overlay-color":"","overlay-opacity":"","overlay-gradient":""},"tablet":{"background-color":"var(--ast-global-color-4)","background-image":"","background-repeat":"repeat","background-position":"center center","background-size":"auto","background-attachment":"scroll","background-type":"","background-media":"","overlay-type":"","overlay-color":"","overlay-opacity":"","overlay-gradient":""},"mobile":{"background-color":"var(--ast-global-color-4)","background-image":"","background-repeat":"repeat","background-position":"center center","background-size":"auto","background-attachment":"scroll","background-type":"","background-media":"","overlay-type":"","overlay-color":"","overlay-opacity":"","overlay-gradient":""}},"footnotes":""},"class_list":["post-18290","page","type-page","status-publish","hentry"],"uagb_featured_image_src":{"full":false,"thumbnail":false,"medium":false,"medium_large":false,"large":false,"1536x1536":false,"2048x2048":false,"woocommerce_thumbnail":false,"woocommerce_single":false,"woocommerce_gallery_thumbnail":false},"uagb_author_info":{"display_name":"Iv\u00e1n","author_link":"https:\/\/clandestineguitars.com\/en\/author\/ivan\/"},"uagb_comment_info":0,"uagb_excerpt":"Formas de pago Clandestine Guitars ofrece a sus clientes la posibilidad de elegir entre varias formas de pago diferentes: Transferencia [&hellip;]","_links":{"self":[{"href":"https:\/\/clandestineguitars.com\/en\/wp-json\/wp\/v2\/pages\/18290","targetHints":{"allow":["GET"]}}],"collection":[{"href":"https:\/\/clandestineguitars.com\/en\/wp-json\/wp\/v2\/pages"}],"about":[{"href":"https:\/\/clandestineguitars.com\/en\/wp-json\/wp\/v2\/types\/page"}],"author":[{"embeddable":true,"href":"https:\/\/clandestineguitars.com\/en\/wp-json\/wp\/v2\/users\/2"}],"replies":[{"embeddable":true,"href":"https:\/\/clandestineguitars.com\/en\/wp-json\/wp\/v2\/comments?post=18290"}],"version-history":[{"count":0,"href":"https:\/\/clandestineguitars.com\/en\/wp-json\/wp\/v2\/pages\/18290\/revisions"}],"wp:attachment":[{"href":"https:\/\/clandestineguitars.com\/en\/wp-json\/wp\/v2\/media?parent=18290"}],"curies":[{"name":"wp","href":"https:\/\/api.w.org\/{rel}","templated":true}]}}