{"id":18288,"date":"2018-03-16T20:54:08","date_gmt":"2018-03-16T20:54:08","guid":{"rendered":"https:\/\/clandestineguitars.com\/terms-and-conditions\/"},"modified":"2018-03-16T20:54:08","modified_gmt":"2018-03-16T20:54:08","slug":"terms-and-conditions","status":"publish","type":"page","link":"https:\/\/clandestineguitars.com\/en\/terms-and-conditions\/","title":{"rendered":"Terms and Conditions"},"content":{"rendered":"<h3>Datos identificativos<\/h3>\n<p>En cumplimiento con el deber de informaci\u00f3n recogido en art\u00edculo 10 de la Ley 34\/2002, de 11 de julio, de Servicios de la Sociedad de la Informaci\u00f3n y del Comercio Electr\u00f3nico, a continuaci\u00f3n se reflejan los siguientes datos: la empresa titular de los dominios www.clandestineguitars.com\u00a0y www.clandestineguitars.es, as\u00ed como del subdominio www.<a href=\"https:\/\/clandestineguitars.com\/tienda\/\" data-internallinksmanager029f6b8e52c=\"2\" title=\"Tienda\">tienda<\/a>.clandestineuitars.es\u00a0es Clandestine Guitar Corporation S.L. (en adelante &#8220;<a href=\"https:\/\/clandestineguitars.com\/\" data-internallinksmanager029f6b8e52c=\"1\" title=\"clandestine guitars\">Clandestine Guitars<\/a>&#8221;), con domicilio a estos efectos en Calle Almuradiel 212, n\u00famero de C.I.F.: B-86710738 inscrita en el Registro Mercantil de Madrid en el tomo 30981 del Libro de Sociedades, folio 46, inscripci\u00f3n 1, Hoja M-557605. Correo electr\u00f3nico de contacto: admin@clandestineguitars.es.<\/p>\n<p>&nbsp;<\/p>\n<h3>Usuarios<\/h3>\n<p>El acceso y\/o uso de este portal de Clandestine Guitars atribuye la condici\u00f3n de USUARIO, que acepta, desde dicho acceso y\/o uso, las Condiciones Generales de Uso aqu\u00ed reflejadas. Las citadas Condiciones ser\u00e1n de aplicaci\u00f3n independientemente de las Condiciones Generales de Contrataci\u00f3n que en su caso resulten de obligado cumplimiento.<\/p>\n<p>&nbsp;<\/p>\n<h3>Uso del portal<\/h3>\n<p>www.clandestineguitars.com,\u00a0as\u00ed como los dem\u00e1s dominios y subdominios asociados,\u00a0proporciona el acceso a multitud de informaciones, servicios, programas o datos (en adelante, &#8220;los contenidos&#8221;) en Internet pertenecientes a Clandestine Guitars o a sus licenciantes a los que el USUARIO pueda tener acceso. El USUARIO asume la responsabilidad del uso del portal. Dicha responsabilidad se extiende al registro que fuese necesario para acceder a determinados servicios o contenidos. En dicho registro el USUARIO ser\u00e1 responsable de aportar informaci\u00f3n veraz y l\u00edcita. Como consecuencia de este registro, al USUARIO se le puede proporcionar una contrase\u00f1a de la que ser\u00e1 responsable, comprometi\u00e9ndose a hacer un uso diligente y confidencial de la misma. El USUARIO se compromete a hacer un uso adecuado de los contenidos y servicios (como por ejemplo servicios de chat, foros de discusi\u00f3n o grupos de noticias) que Clandestine Guitars ofrece a trav\u00e9s de su portal y con car\u00e1cter enunciativo pero no limitativo, a no emplearlos para (i) incurrir en actividades il\u00edcitas, ilegales o contrarias a la buena fe y al orden p\u00fablico; (ii) difundir contenidos o propaganda de car\u00e1cter racista, xen\u00f3fobo, pornogr\u00e1fico-ilegal, de apolog\u00eda del terrorismo o atentatorio contra los derechos humanos; (iii) provocar da\u00f1os en los sistemas f\u00edsicos y l\u00f3gicos de Clandestine Guitars , de sus proveedores o de terceras personas, introducir o difundir en la red virus inform\u00e1ticos o cualesquiera otros sistemas f\u00edsicos o l\u00f3gicos que sean susceptibles de provocar los da\u00f1os anteriormente mencionados; (iv) intentar acceder y, en su caso, utilizar las cuentas de correo electr\u00f3nico de otros usuarios y modificar o manipular sus mensajes. Clandestine Guitars se reserva el derecho de retirar todos aquellos comentarios y aportaciones que vulneren el respeto a la dignidad de la persona, que sean discriminatorios, xen\u00f3fobos, racistas, pornogr\u00e1ficos, que atenten contra la juventud o la infancia, el orden o la seguridad p\u00fablica o que, a su juicio, no resultaran adecuados para su publicaci\u00f3n. En cualquier caso, Clandestine Guitars\u00a0no ser\u00e1 responsable de las opiniones vertidas por los usuarios a trav\u00e9s de los foros, chats, u otras herramientas de participaci\u00f3n.<\/p>\n<p>&nbsp;<\/p>\n<h3>Condiciones generales de venta<\/h3>\n<p>&nbsp;<\/p>\n<h4>Aceptaci\u00f3n de las Condiciones Generales de Contrataci\u00f3n<\/h4>\n<p>La utilizaci\u00f3n o contrataci\u00f3n de los productos y\/o servicios ofrecidos por Clandestine Guitars supone la aceptaci\u00f3n de las siguientes condiciones generales de venta.<\/p>\n<p>Las compras realizadas en este sitio web quedan sometidas a la normativa vigente.<\/p>\n<p>&nbsp;<\/p>\n<h4>Precios y portes<\/h4>\n<p>Los precios de los servicios o productos mostrados en www.tienda.clandestineguitars.es incluyen el 21% de IVA, tanto para pedidos nacionales como para pedidos realizados desde otros pa\u00edses de la Uni\u00f3n Europea.<\/p>\n<p>Los gastos de env\u00edo no est\u00e1n incluidos en el precio de los art\u00edculos. Estos aparecen convenientemente descritos en la web y ser\u00e1n por cuenta del cliente.<\/p>\n<p>&nbsp;<\/p>\n<h4>Garant\u00edas<\/h4>\n<p>Todos nuestros productos ofrecen la garant\u00eda directa del fabricante, que en ning\u00fan caso es inferior a dos a\u00f1os, tal y como establece la Ley 23\/2003 de Garant\u00eda en la Venta de Bienes de Consumo.<\/p>\n<p>Quedan expl\u00edcitamente fuera de la garant\u00eda del fabricante los productos manipulados, golpeados o con desperfectos ocasionados por un uso incorrecto.\u00a0Los materiales de consumo como cuerdas, pilas\/bater\u00edas, o cualquier otro producto de esta \u00edndole que pudieramos ofrecer est\u00e1n por supuesto excluidos, como es l\u00f3gico. Los fen\u00f3menos de desgaste en instrumentos o componentes s\u00f3lo est\u00e1n cubiertos si se produjeron, a pesar de una conservaci\u00f3n adecuada de los mismos, a causa de un acabado indebido del art\u00edculo. Si bien somos complacientes, ni nosotros ni el fabricante responderemos por una conservaci\u00f3n insuficiente.<\/p>\n<p>&nbsp;<\/p>\n<h4>Condiciones de uso<\/h4>\n<p>Estas condiciones generales regulan el acceso y utilizaci\u00f3n del sitio web www.clandestineguitars.com, as\u00ed como los dem\u00e1s dominios y subdominios asociados que Clandestine Guitars pone gratuitamente a disposici\u00f3n de los usuarios de Internet con el fin de proporcionar informaci\u00f3n sobre sus productos, servicios y precios. El acceso al mismo implica su aceptaci\u00f3n sin reservas.<\/p>\n<p>Se autoriza la visualizaci\u00f3n, impresi\u00f3n y descarga parcial del contenido de la web s\u00f3lo y exclusivamente si se realiza con el exclusivo \u00e1nimo de obtener la informaci\u00f3n contenida para uso personal y privado. Se proh\u00edbe expresamente su utilizaci\u00f3n con fines comerciales o para su distribuci\u00f3n, transformaci\u00f3n o comunicaci\u00f3n p\u00fablica.<\/p>\n<p>La totalidad de esta p\u00e1gina web (textos, fotograf\u00edas, logotipos, botones, archivos, combinaciones de colores, estructura y presentaci\u00f3n de sus contenidos) se encuentra protegida por las leyes espa\u00f1olas e internacionales sobre propiedad Intelectual e Industrial. Queda expresamente prohibida la reproducci\u00f3n total o parcial de esta p\u00e1gina web y de cualquiera de sus contenidos sin el permiso expreso y por escrito de Clandestine Guitars.<\/p>\n<p>Clandestine Guitars se reserva el derecho a modificar la oferta comercial del sitio web en cualquier momento y de mantener su contenido actualizado sin obligarse a asegurar una actualizaci\u00f3n plena.<\/p>\n<p>Clandestine Guitars no asume responsabilidad alguna derivada de la concesi\u00f3n o contenidos de los enlaces de terceros a los que se hace referencia en la p\u00e1gina web\u00a0www.clandestineguitars.com, as\u00ed como los dem\u00e1s dominios y subdominios asociados, excluyendo cualquier responsabilidad por los da\u00f1os de cualquier clase causados al usuario.<\/p>\n<p>&nbsp;<\/p>\n<h4>Obligaciones del Usuario y\/o Cliente<\/h4>\n<p>El usuario y\/o cliente de Clandestine Guitars se compromete en todo momento a facilitar informaci\u00f3n veraz sobre los datos solicitados en los diferentes formularios y\/o solicitudes de informaci\u00f3n o compra.<\/p>\n<p>En el supuesto de la venta o comercializaci\u00f3n de productos de nuestro sitio web que requieran que el comprador tenga una determinada edad seg\u00fan la legislaci\u00f3n vigente de su pa\u00eds de origen, el comprador manifiesta que cumple dicho requisito para formalizar la compra.<\/p>\n<p>&nbsp;<\/p>\n<h4>Descripci\u00f3n de los productos y servicios<\/h4>\n<p>Los art\u00edculos expuestos por Clandestine Guitars estar\u00e1n disponibles para su venta hasta fin de existencias.<\/p>\n<p>Las <a href=\"https:\/\/clandestineguitars.com\/categoria-producto\/liquidaciones\/\" data-internallinksmanager029f6b8e52c=\"7\" title=\"Liquidaciones\">ofertas<\/a> est\u00e1n debidamente marcadas e identificadas como tal. Su plazo de validez tiene efectividad mientras aparecen en su pantalla. Dichas ofertas podr\u00e1n ser modificadas o canceladas sin previo aviso.<\/p>\n<p>La responsabilidad civil de Clandestine Guitars por los productos suministrados queda limitada al importe de los mismos; el usuario o consumidor renuncia a reclamar cualquier responsabilidad por cualquier otro concepto en caso de insatisfacci\u00f3n de los productos adquiridos en esta p\u00e1gina web.<\/p>\n<p>&nbsp;<\/p>\n<h4>Modificaci\u00f3n de las Condiciones Generales<\/h4>\n<p>Clandestine Guitars podr\u00e1 modificar las Condiciones Generales en el momento que lo estime oportuno.<\/p>\n<p>&nbsp;<\/p>\n<h4>Legislaci\u00f3n aplicable y Jurisdicci\u00f3n competente<\/h4>\n<p>Las presentes Condiciones Generales se regir\u00e1n e interpretar\u00e1n de acuerdo con las Leyes de Espa\u00f1a. Cualquier litigio relativo a la interpretaci\u00f3n o ejecuci\u00f3n de estas condiciones generales de venta ser\u00e1 competencia exclusiva de los Tribunales de Madrid (Espa\u00f1a).<\/p>\n","protected":false},"excerpt":{"rendered":"<p>Datos identificativos En cumplimiento con el deber de informaci\u00f3n recogido en art\u00edculo 10 de la Ley 34\/2002, de 11 de [&hellip;]<\/p>\n","protected":false},"author":2,"featured_media":0,"parent":0,"menu_order":0,"comment_status":"closed","ping_status":"closed","template":"","meta":{"_surecart_dashboard_logo_width":"180px","_surecart_dashboard_show_logo":true,"_surecart_dashboard_navigation_orders":true,"_surecart_dashboard_navigation_invoices":true,"_surecart_dashboard_navigation_subscriptions":true,"_surecart_dashboard_navigation_downloads":true,"_surecart_dashboard_navigation_billing":true,"_surecart_dashboard_navigation_account":true,"_uag_custom_page_level_css":"","site-sidebar-layout":"default","site-content-layout":"","ast-site-content-layout":"default","site-content-style":"default","site-sidebar-style":"default","ast-global-header-display":"","ast-banner-title-visibility":"","ast-main-header-display":"","ast-hfb-above-header-display":"","ast-hfb-below-header-display":"","ast-hfb-mobile-header-display":"","site-post-title":"","ast-breadcrumbs-content":"","ast-featured-img":"","footer-sml-layout":"","ast-disable-related-posts":"","theme-transparent-header-meta":"","adv-header-id-meta":"","stick-header-meta":"","header-above-stick-meta":"","header-main-stick-meta":"","header-below-stick-meta":"","astra-migrate-meta-layouts":"default","ast-page-background-enabled":"default","ast-page-background-meta":{"desktop":{"background-color":"var(--ast-global-color-5)","background-image":"","background-repeat":"repeat","background-position":"center center","background-size":"auto","background-attachment":"scroll","background-type":"","background-media":"","overlay-type":"","overlay-color":"","overlay-opacity":"","overlay-gradient":""},"tablet":{"background-color":"","background-image":"","background-repeat":"repeat","background-position":"center center","background-size":"auto","background-attachment":"scroll","background-type":"","background-media":"","overlay-type":"","overlay-color":"","overlay-opacity":"","overlay-gradient":""},"mobile":{"background-color":"","background-image":"","background-repeat":"repeat","background-position":"center center","background-size":"auto","background-attachment":"scroll","background-type":"","background-media":"","overlay-type":"","overlay-color":"","overlay-opacity":"","overlay-gradient":""}},"ast-content-background-meta":{"desktop":{"background-color":"var(--ast-global-color-4)","background-image":"","background-repeat":"repeat","background-position":"center center","background-size":"auto","background-attachment":"scroll","background-type":"","background-media":"","overlay-type":"","overlay-color":"","overlay-opacity":"","overlay-gradient":""},"tablet":{"background-color":"var(--ast-global-color-4)","background-image":"","background-repeat":"repeat","background-position":"center center","background-size":"auto","background-attachment":"scroll","background-type":"","background-media":"","overlay-type":"","overlay-color":"","overlay-opacity":"","overlay-gradient":""},"mobile":{"background-color":"var(--ast-global-color-4)","background-image":"","background-repeat":"repeat","background-position":"center center","background-size":"auto","background-attachment":"scroll","background-type":"","background-media":"","overlay-type":"","overlay-color":"","overlay-opacity":"","overlay-gradient":""}},"footnotes":""},"class_list":["post-18288","page","type-page","status-publish","hentry"],"uagb_featured_image_src":{"full":false,"thumbnail":false,"medium":false,"medium_large":false,"large":false,"1536x1536":false,"2048x2048":false,"woocommerce_thumbnail":false,"woocommerce_single":false,"woocommerce_gallery_thumbnail":false},"uagb_author_info":{"display_name":"Iv\u00e1n","author_link":"https:\/\/clandestineguitars.com\/en\/author\/ivan\/"},"uagb_comment_info":0,"uagb_excerpt":"Datos identificativos En cumplimiento con el deber de informaci\u00f3n recogido en art\u00edculo 10 de la Ley 34\/2002, de 11 de [&hellip;]","_links":{"self":[{"href":"https:\/\/clandestineguitars.com\/en\/wp-json\/wp\/v2\/pages\/18288","targetHints":{"allow":["GET"]}}],"collection":[{"href":"https:\/\/clandestineguitars.com\/en\/wp-json\/wp\/v2\/pages"}],"about":[{"href":"https:\/\/clandestineguitars.com\/en\/wp-json\/wp\/v2\/types\/page"}],"author":[{"embeddable":true,"href":"https:\/\/clandestineguitars.com\/en\/wp-json\/wp\/v2\/users\/2"}],"replies":[{"embeddable":true,"href":"https:\/\/clandestineguitars.com\/en\/wp-json\/wp\/v2\/comments?post=18288"}],"version-history":[{"count":0,"href":"https:\/\/clandestineguitars.com\/en\/wp-json\/wp\/v2\/pages\/18288\/revisions"}],"wp:attachment":[{"href":"https:\/\/clandestineguitars.com\/en\/wp-json\/wp\/v2\/media?parent=18288"}],"curies":[{"name":"wp","href":"https:\/\/api.w.org\/{rel}","templated":true}]}}